{"id":326,"date":"2023-08-20T09:42:31","date_gmt":"2023-08-20T09:42:31","guid":{"rendered":"http:\/\/3.68.190.54\/?page_id=326"},"modified":"2023-09-14T13:12:16","modified_gmt":"2023-09-14T13:12:16","slug":"studieren-in-kaiserslautern","status":"publish","type":"page","link":"https:\/\/franconia-berlin.de\/en\/studieren-in-kaiserslautern\/","title":{"rendered":"Studying in Kaiserslautern"},"content":{"rendered":"<div data-elementor-type=\"wp-page\" data-elementor-id=\"326\" class=\"elementor elementor-326\" data-elementor-post-type=\"page\">\n\t\t\t\t\t\t<section class=\"elementor-section elementor-top-section elementor-element elementor-element-655b963 elementor-section-boxed elementor-section-height-default elementor-section-height-default\" data-id=\"655b963\" data-element_type=\"section\" data-e-type=\"section\">\n\t\t\t\t\t\t<div class=\"elementor-container elementor-column-gap-default\">\n\t\t\t\t\t<div class=\"elementor-column elementor-col-100 elementor-top-column elementor-element elementor-element-72df809\" data-id=\"72df809\" data-element_type=\"column\" data-e-type=\"column\">\n\t\t\t<div class=\"elementor-widget-wrap elementor-element-populated\">\n\t\t\t\t\t\t<div class=\"elementor-element elementor-element-2bcdb44 elementor-widget__width-initial elementor-widget elementor-widget-heading\" data-id=\"2bcdb44\" data-element_type=\"widget\" data-e-type=\"widget\" data-widget_type=\"heading.default\">\n\t\t\t\t<div class=\"elementor-widget-container\">\n\t\t\t\t\t<h2 class=\"elementor-heading-title elementor-size-xl\">Your studies in Kaiserslautern<\/h2>\t\t\t\t<\/div>\n\t\t\t\t<\/div>\n\t\t\t\t<div class=\"elementor-element elementor-element-157c3f1 elementor-widget__width-initial elementor-widget elementor-widget-text-editor\" data-id=\"157c3f1\" data-element_type=\"widget\" data-e-type=\"widget\" data-widget_type=\"text-editor.default\">\n\t\t\t\t<div class=\"elementor-widget-container\">\n\t\t\t\t\t\t\t\t\t<p style=\"box-sizing: inherit; margin-bottom: 1.5em; color: rgb(64, 64, 64); font-family: sans-serif;\">The professional success of our corps members is important to us. We generally, but not without exception, regard a degree from one of the universities in Kaiserslautern - be it the Technical University of Kaiserslautern (TUK) or Kaiserslautern University of Applied Sciences (HS KL) - as the basis for this. As far as the different subjects of our corps brothers allow, we therefore like to prepare for the exams together and master them successfully. Older semesters and old men (Berlin Franconians who have completed their studies) are of course also available to help and advise us.<\/p><p style=\"box-sizing: inherit; margin-bottom: 1.5em; color: rgb(64, 64, 64); font-family: sans-serif;\">However, a degree alone is often not enough on the job market. Companies also require general education and soft skills when hiring, which are often neglected at universities. Membership of a corps, on the other hand, which is often demanding and involves responsibility, also trains the personality, teaches discipline and promotes assertiveness and creativity - in our case for over 150 years. The colorful mix of faculties represented in our corps also facilitates interdisciplinary exchange and broadens our horizons.<\/p>\t\t\t\t\t\t\t\t<\/div>\n\t\t\t\t<\/div>\n\t\t\t\t<div class=\"elementor-element elementor-element-bbf3884 elementor-widget__width-initial elementor-widget elementor-widget-heading\" data-id=\"bbf3884\" data-element_type=\"widget\" data-e-type=\"widget\" data-widget_type=\"heading.default\">\n\t\t\t\t<div class=\"elementor-widget-container\">\n\t\t\t\t\t<h2 class=\"elementor-heading-title elementor-size-xl\">Study opportunities<\/h2>\t\t\t\t<\/div>\n\t\t\t\t<\/div>\n\t\t\t\t<section class=\"elementor-section elementor-inner-section elementor-element elementor-element-24c3ec3 elementor-section-boxed elementor-section-height-default elementor-section-height-default\" data-id=\"24c3ec3\" data-element_type=\"section\" data-e-type=\"section\">\n\t\t\t\t\t\t<div class=\"elementor-container elementor-column-gap-default\">\n\t\t\t\t\t<div class=\"elementor-column elementor-col-50 elementor-inner-column elementor-element elementor-element-50e9edd\" data-id=\"50e9edd\" data-element_type=\"column\" data-e-type=\"column\">\n\t\t\t<div class=\"elementor-widget-wrap elementor-element-populated\">\n\t\t\t\t\t\t<div class=\"elementor-element elementor-element-ed764e1 elementor-widget elementor-widget-image\" data-id=\"ed764e1\" data-element_type=\"widget\" data-e-type=\"widget\" data-widget_type=\"image.default\">\n\t\t\t\t<div class=\"elementor-widget-container\">\n\t\t\t\t\t\t\t\t\t\t\t\t\t\t\t<img loading=\"lazy\" decoding=\"async\" width=\"345\" height=\"226\" src=\"https:\/\/franconia-berlin.de\/wp-content\/uploads\/2023\/08\/TU.jpg\" class=\"attachment-large size-large wp-image-331\" alt=\"\" srcset=\"https:\/\/franconia-berlin.de\/wp-content\/uploads\/2023\/08\/TU.jpg 345w, https:\/\/franconia-berlin.de\/wp-content\/uploads\/2023\/08\/TU-300x197.jpg 300w\" sizes=\"auto, (max-width: 345px) 100vw, 345px\" \/>\t\t\t\t\t\t\t\t\t\t\t\t\t\t\t<\/div>\n\t\t\t\t<\/div>\n\t\t\t\t<div class=\"elementor-element elementor-element-172c1a7 elementor-widget elementor-widget-text-editor\" data-id=\"172c1a7\" data-element_type=\"widget\" data-e-type=\"widget\" data-widget_type=\"text-editor.default\">\n\t\t\t\t<div class=\"elementor-widget-container\">\n\t\t\t\t\t\t\t\t\t<h5 class=\"element-header\">Rhineland-Palatinate University of Technology Kaiserslautern-Landau<\/h5>\t\t\t\t\t\t\t\t<\/div>\n\t\t\t\t<\/div>\n\t\t\t\t\t<\/div>\n\t\t<\/div>\n\t\t\t\t<div class=\"elementor-column elementor-col-50 elementor-inner-column elementor-element elementor-element-55bbe76\" data-id=\"55bbe76\" data-element_type=\"column\" data-e-type=\"column\">\n\t\t\t<div class=\"elementor-widget-wrap elementor-element-populated\">\n\t\t\t\t\t\t<div class=\"elementor-element elementor-element-db1fec9 elementor-widget elementor-widget-image\" data-id=\"db1fec9\" data-element_type=\"widget\" data-e-type=\"widget\" data-widget_type=\"image.default\">\n\t\t\t\t<div class=\"elementor-widget-container\">\n\t\t\t\t\t\t\t\t\t\t\t\t\t\t\t<img loading=\"lazy\" decoding=\"async\" width=\"345\" height=\"226\" src=\"https:\/\/franconia-berlin.de\/wp-content\/uploads\/2023\/08\/HS.jpg\" class=\"attachment-large size-large wp-image-332\" alt=\"\" srcset=\"https:\/\/franconia-berlin.de\/wp-content\/uploads\/2023\/08\/HS.jpg 345w, https:\/\/franconia-berlin.de\/wp-content\/uploads\/2023\/08\/HS-300x197.jpg 300w\" sizes=\"auto, (max-width: 345px) 100vw, 345px\" \/>\t\t\t\t\t\t\t\t\t\t\t\t\t\t\t<\/div>\n\t\t\t\t<\/div>\n\t\t\t\t<div class=\"elementor-element elementor-element-70a31c0 elementor-widget elementor-widget-text-editor\" data-id=\"70a31c0\" data-element_type=\"widget\" data-e-type=\"widget\" data-widget_type=\"text-editor.default\">\n\t\t\t\t<div class=\"elementor-widget-container\">\n\t\t\t\t\t\t\t\t\t<h5 class=\"element-header\"><a href=\"https:\/\/www.hs-kl.de\/\">University of Kaiserslautern<\/a><\/h5>\t\t\t\t\t\t\t\t<\/div>\n\t\t\t\t<\/div>\n\t\t\t\t\t<\/div>\n\t\t<\/div>\n\t\t\t\t\t<\/div>\n\t\t<\/section>\n\t\t\t\t\t<\/div>\n\t\t<\/div>\n\t\t\t\t\t<\/div>\n\t\t<\/section>\n\t\t\t\t<section class=\"elementor-section elementor-top-section elementor-element elementor-element-6ca65496 elementor-section-boxed elementor-section-height-default elementor-section-height-default\" data-id=\"6ca65496\" data-element_type=\"section\" data-e-type=\"section\">\n\t\t\t\t\t\t<div class=\"elementor-container elementor-column-gap-default\">\n\t\t\t\t\t<div class=\"elementor-column elementor-col-50 elementor-top-column elementor-element elementor-element-25f01d47\" data-id=\"25f01d47\" data-element_type=\"column\" data-e-type=\"column\">\n\t\t\t<div class=\"elementor-widget-wrap elementor-element-populated\">\n\t\t\t\t\t\t<div class=\"elementor-element elementor-element-27f5a64a elementor-invisible elementor-widget elementor-widget-heading\" data-id=\"27f5a64a\" data-element_type=\"widget\" data-e-type=\"widget\" data-settings=\"{&quot;_animation&quot;:&quot;fadeIn&quot;}\" data-widget_type=\"heading.default\">\n\t\t\t\t<div class=\"elementor-widget-container\">\n\t\t\t\t\t<h2 class=\"elementor-heading-title elementor-size-default\">Become part of a lively community of young students<\/h2>\t\t\t\t<\/div>\n\t\t\t\t<\/div>\n\t\t\t\t<div class=\"elementor-element elementor-element-77a6ea46 elementor-invisible elementor-widget elementor-widget-text-editor\" data-id=\"77a6ea46\" data-element_type=\"widget\" data-e-type=\"widget\" data-settings=\"{&quot;_animation&quot;:&quot;fadeIn&quot;}\" data-widget_type=\"text-editor.default\">\n\t\t\t\t<div class=\"elementor-widget-container\">\n\t\t\t\t\t\t\t\t\t<p>We help each other with our studies, do a lot together and prepare ourselves for working life.<\/p>\t\t\t\t\t\t\t\t<\/div>\n\t\t\t\t<\/div>\n\t\t\t\t<div class=\"elementor-element elementor-element-57127124 elementor-align-left elementor-mobile-align-center elementor-tablet-align-center elementor-invisible elementor-widget elementor-widget-button\" data-id=\"57127124\" data-element_type=\"widget\" data-e-type=\"widget\" data-settings=\"{&quot;_animation&quot;:&quot;fadeIn&quot;,&quot;_animation_delay&quot;:400}\" data-widget_type=\"button.default\">\n\t\t\t\t<div class=\"elementor-widget-container\">\n\t\t\t\t\t\t\t\t\t<div class=\"elementor-button-wrapper\">\n\t\t\t\t\t<a class=\"elementor-button elementor-button-link elementor-size-sm\" href=\"http:\/\/3.68.190.54\/kontakt\">\n\t\t\t\t\t\t<span class=\"elementor-button-content-wrapper\">\n\t\t\t\t\t\t\t\t\t<span class=\"elementor-button-text\">Contact us<\/span>\n\t\t\t\t\t<\/span>\n\t\t\t\t\t<\/a>\n\t\t\t\t<\/div>\n\t\t\t\t\t\t\t\t<\/div>\n\t\t\t\t<\/div>\n\t\t\t\t\t<\/div>\n\t\t<\/div>\n\t\t\t\t<div class=\"elementor-column elementor-col-50 elementor-top-column elementor-element elementor-element-d9a3af9\" data-id=\"d9a3af9\" data-element_type=\"column\" data-e-type=\"column\">\n\t\t\t<div class=\"elementor-widget-wrap elementor-element-populated\">\n\t\t\t\t\t\t<div class=\"elementor-element elementor-element-641d50a4 elementor-widget elementor-widget-image\" data-id=\"641d50a4\" data-element_type=\"widget\" data-e-type=\"widget\" data-widget_type=\"image.default\">\n\t\t\t\t<div class=\"elementor-widget-container\">\n\t\t\t\t\t\t\t\t\t\t\t\t\t\t\t<img loading=\"lazy\" decoding=\"async\" width=\"800\" height=\"600\" src=\"https:\/\/franconia-berlin.de\/wp-content\/uploads\/2023\/09\/Pfingstwanderung-1024x768.jpg\" class=\"attachment-large size-large wp-image-494\" alt=\"\" srcset=\"https:\/\/franconia-berlin.de\/wp-content\/uploads\/2023\/09\/Pfingstwanderung-1024x768.jpg 1024w, https:\/\/franconia-berlin.de\/wp-content\/uploads\/2023\/09\/Pfingstwanderung-300x225.jpg 300w, https:\/\/franconia-berlin.de\/wp-content\/uploads\/2023\/09\/Pfingstwanderung-768x576.jpg 768w, https:\/\/franconia-berlin.de\/wp-content\/uploads\/2023\/09\/Pfingstwanderung-1536x1152.jpg 1536w, https:\/\/franconia-berlin.de\/wp-content\/uploads\/2023\/09\/Pfingstwanderung.jpg 1600w\" sizes=\"auto, (max-width: 800px) 100vw, 800px\" \/>\t\t\t\t\t\t\t\t\t\t\t\t\t\t\t<\/div>\n\t\t\t\t<\/div>\n\t\t\t\t\t<\/div>\n\t\t<\/div>\n\t\t\t\t\t<\/div>\n\t\t<\/section>\n\t\t\t\t<\/div>","protected":false},"excerpt":{"rendered":"<p>Dein Studium in Kaiserslautern Der berufliche Erfolg unserer Corpsbr\u00fcder ist uns wichtig. Als Grundlage hierf\u00fcr sehen wir grunds\u00e4tzlich, aber nicht ausnahmslos ein abgeschlossenes Studium an einer der Hochschulen in Kaiserslautern [&hellip;]<\/p>\n","protected":false},"author":1,"featured_media":0,"parent":0,"menu_order":0,"comment_status":"closed","ping_status":"closed","template":"elementor_header_footer","meta":{"footnotes":""},"class_list":["post-326","page","type-page","status-publish","hentry"],"_links":{"self":[{"href":"https:\/\/franconia-berlin.de\/en\/wp-json\/wp\/v2\/pages\/326","targetHints":{"allow":["GET"]}}],"collection":[{"href":"https:\/\/franconia-berlin.de\/en\/wp-json\/wp\/v2\/pages"}],"about":[{"href":"https:\/\/franconia-berlin.de\/en\/wp-json\/wp\/v2\/types\/page"}],"author":[{"embeddable":true,"href":"https:\/\/franconia-berlin.de\/en\/wp-json\/wp\/v2\/users\/1"}],"replies":[{"embeddable":true,"href":"https:\/\/franconia-berlin.de\/en\/wp-json\/wp\/v2\/comments?post=326"}],"version-history":[{"count":14,"href":"https:\/\/franconia-berlin.de\/en\/wp-json\/wp\/v2\/pages\/326\/revisions"}],"predecessor-version":[{"id":576,"href":"https:\/\/franconia-berlin.de\/en\/wp-json\/wp\/v2\/pages\/326\/revisions\/576"}],"wp:attachment":[{"href":"https:\/\/franconia-berlin.de\/en\/wp-json\/wp\/v2\/media?parent=326"}],"curies":[{"name":"wp","href":"https:\/\/api.w.org\/{rel}","templated":true}]}}